{"id":60,"date":"2022-07-18T08:01:36","date_gmt":"2022-07-18T06:01:36","guid":{"rendered":"http:\/\/sabliereslongevilloises.fr\/?page_id=60"},"modified":"2022-08-19T10:51:36","modified_gmt":"2022-08-19T08:51:36","slug":"videos","status":"publish","type":"page","link":"https:\/\/sabliereslongevilloises.fr\/de\/videos\/","title":{"rendered":"Videos"},"content":{"rendered":"<p>[et_pb_section fb_built=\u00a0\u00bb1&Prime; admin_label=\u00a0\u00bbImages\u00a0\u00bb _builder_version=\u00a0\u00bb4.16&Prime; custom_padding=\u00a0\u00bb0px|||||\u00a0\u00bb global_colors_info=\u00a0\u00bb{}\u00a0\u00bb][et_pb_row _builder_version=\u00a0\u00bb4.17.6&Prime; custom_padding=\u00a0\u00bb0px|||||\u00a0\u00bb global_colors_info=\u00a0\u00bb{}\u00a0\u00bb][et_pb_column type=\u00a0\u00bb4_4&Prime; _builder_version=\u00a0\u00bb4.16&Prime; global_colors_info=\u00a0\u00bb{}\u00a0\u00bb][et_pb_video src=\u00a0\u00bbhttps:\/\/youtu.be\/4I6qEHuKIPQ\u00a0\u00bb image_src=\u00a0\u00bbhttps:\/\/sabliereslongevilloises.fr\/wp-content\/uploads\/2022\/08\/agency-09.jpg\u00a0\u00bb thumbnail_overlay_color=\u00a0\u00bbrgba(0,0,0,0.6)\u00a0\u00bb _builder_version=\u00a0\u00bb4.17.6&Prime; custom_margin=\u00a0\u00bb40px|||-100px|false|false\u00a0\u00bb custom_margin_tablet=\u00a0\u00bb0px|||0px|false|false\u00a0\u00bb custom_margin_phone=\u00a0\u00bb\u00a0\u00bb custom_margin_last_edited=\u00a0\u00bbon|tablet\u00a0\u00bb border_color_all=\u00a0\u00bb#ffffff\u00a0\u00bb border_width_top=\u00a0\u00bb30px\u00a0\u00bb border_width_left=\u00a0\u00bb30px\u00a0\u00bb border_width_top_tablet=\u00a0\u00bb0px\u00a0\u00bb border_width_top_phone=\u00a0\u00bb\u00a0\u00bb border_width_top_last_edited=\u00a0\u00bbon|tablet\u00a0\u00bb border_width_left_tablet=\u00a0\u00bb0px\u00a0\u00bb border_width_left_phone=\u00a0\u00bb\u00a0\u00bb border_width_left_last_edited=\u00a0\u00bbon|tablet\u00a0\u00bb global_colors_info=\u00a0\u00bb{}\u00a0\u00bb][\/et_pb_video][et_pb_button button_url=\u00a0\u00bb@ET-DC@eyJkeW5hbWljIjp0cnVlLCJjb250ZW50IjoiaG9tZV91cmwiLCJzZXR0aW5ncyI6e319@\u00a0\u00bb button_text=\u00a0\u00bbA propos de nous\u00a0\u00bb button_alignment=\u00a0\u00bbcenter\u00a0\u00bb _builder_version=\u00a0\u00bb4.17.6&Prime; _dynamic_attributes=\u00a0\u00bbbutton_url\u00a0\u00bb custom_button=\u00a0\u00bbon\u00a0\u00bb button_text_size=\u00a0\u00bb14px\u00a0\u00bb button_text_color=\u00a0\u00bb#ffffff\u00a0\u00bb button_bg_color=\u00a0\u00bb#FFA626&Prime; button_border_width=\u00a0\u00bb0px\u00a0\u00bb button_border_radius=\u00a0\u00bb0px\u00a0\u00bb button_letter_spacing=\u00a0\u00bb2px\u00a0\u00bb button_font=\u00a0\u00bbRoboto Condensed|700||on|||||\u00a0\u00bb button_icon=\u00a0\u00bb&#x24;||divi||400&Prime; button_on_hover=\u00a0\u00bboff\u00a0\u00bb custom_padding=\u00a0\u00bb19px|36px|19px|22px|true|false\u00a0\u00bb box_shadow_style=\u00a0\u00bbpreset3&Prime; box_shadow_color=\u00a0\u00bbrgba(252,63,63,0.48)\u00a0\u00bb locked=\u00a0\u00bboff\u00a0\u00bb global_colors_info=\u00a0\u00bb{}\u00a0\u00bb custom_padding__hover=\u00a0\u00bb|40px||26px|true|false\u00a0\u00bb custom_padding__hover_enabled=\u00a0\u00bbon|hover\u00a0\u00bb][\/et_pb_button][\/et_pb_column][\/et_pb_row][\/et_pb_section][et_pb_section fb_built=\u00a0\u00bb1&Prime; make_equal=\u00a0\u00bbon\u00a0\u00bb specialty=\u00a0\u00bbon\u00a0\u00bb background_color_1=\u00a0\u00bb#501501&Prime; padding_top_1=\u00a0\u00bb10px\u00a0\u00bb padding_top_2=\u00a0\u00bb6vw\u00a0\u00bb padding_right_1=\u00a0\u00bb20px\u00a0\u00bb padding_bottom_1=\u00a0\u00bb10px\u00a0\u00bb padding_bottom_2=\u00a0\u00bb6vw\u00a0\u00bb padding_left_1=\u00a0\u00bb20px\u00a0\u00bb padding_top_bottom_link_1=\u00a0\u00bbtrue\u00a0\u00bb padding_top_bottom_link_2=\u00a0\u00bbtrue\u00a0\u00bb padding_left_right_link_1=\u00a0\u00bbtrue\u00a0\u00bb padding_left_right_link_2=\u00a0\u00bbfalse\u00a0\u00bb padding_2_tablet=\u00a0\u00bb0px||||false|false\u00a0\u00bb padding_2_phone=\u00a0\u00bb\u00a0\u00bb padding_2_last_edited=\u00a0\u00bbon|desktop\u00a0\u00bb admin_label=\u00a0\u00bbAbout\u00a0\u00bb _builder_version=\u00a0\u00bb4.17.6&Prime; z_index=\u00a0\u00bb10&Prime; custom_padding=\u00a0\u00bb0px||0px|||\u00a0\u00bb global_colors_info=\u00a0\u00bb{}\u00a0\u00bb][et_pb_column type=\u00a0\u00bb1_4&Prime; _builder_version=\u00a0\u00bb4.16&Prime; custom_padding=\u00a0\u00bb|||\u00a0\u00bb global_colors_info=\u00a0\u00bb{}\u00a0\u00bb custom_padding__hover=\u00a0\u00bb|||\u00a0\u00bb][et_pb_text _builder_version=\u00a0\u00bb4.17.6&Prime; text_font=\u00a0\u00bbRoboto Condensed|700||on|||||\u00a0\u00bb text_font_size=\u00a0\u00bb150px\u00a0\u00bb text_line_height=\u00a0\u00bb1em\u00a0\u00bb transform_scale_tablet=\u00a0\u00bb\u00a0\u00bb transform_scale_phone=\u00a0\u00bb\u00a0\u00bb transform_scale_last_edited=\u00a0\u00bbon|tablet\u00a0\u00bb transform_translate=\u00a0\u00bb-32%|190%\u00a0\u00bb transform_translate_tablet=\u00a0\u00bb0%|0%\u00a0\u00bb transform_translate_phone=\u00a0\u00bb\u00a0\u00bb transform_translate_last_edited=\u00a0\u00bbon|tablet\u00a0\u00bb transform_translate_linked=\u00a0\u00bboff\u00a0\u00bb transform_rotate=\u00a0\u00bb0deg|0deg|-90deg\u00a0\u00bb transform_rotate_tablet=\u00a0\u00bb0deg|0deg|0deg\u00a0\u00bb transform_rotate_phone=\u00a0\u00bb\u00a0\u00bb transform_rotate_last_edited=\u00a0\u00bbon|desktop\u00a0\u00bb transform_skew_tablet=\u00a0\u00bb\u00a0\u00bb transform_skew_phone=\u00a0\u00bb\u00a0\u00bb transform_skew_last_edited=\u00a0\u00bbon|desktop\u00a0\u00bb transform_origin_tablet=\u00a0\u00bb\u00a0\u00bb transform_origin_phone=\u00a0\u00bb\u00a0\u00bb transform_origin_last_edited=\u00a0\u00bbon|desktop\u00a0\u00bb transform_styles_last_edited=\u00a0\u00bbon|tablet\u00a0\u00bb text_orientation=\u00a0\u00bbcenter\u00a0\u00bb background_layout=\u00a0\u00bbdark\u00a0\u00bb width=\u00a0\u00bb500%\u00a0\u00bb width_tablet=\u00a0\u00bb100%\u00a0\u00bb width_phone=\u00a0\u00bb\u00a0\u00bb width_last_edited=\u00a0\u00bbon|tablet\u00a0\u00bb text_font_size_tablet=\u00a0\u00bb20px\u00a0\u00bb text_font_size_phone=\u00a0\u00bb\u00a0\u00bb text_font_size_last_edited=\u00a0\u00bbon|phone\u00a0\u00bb transform_styles_tablet=\u00a0\u00bb\u00a0\u00bb transform_styles_phone=\u00a0\u00bb\u00a0\u00bb text_orientation_tablet=\u00a0\u00bbleft\u00a0\u00bb text_orientation_phone=\u00a0\u00bb\u00a0\u00bb text_orientation_last_edited=\u00a0\u00bbon|tablet\u00a0\u00bb global_colors_info=\u00a0\u00bb{}\u00a0\u00bb transform_styles__hover_enabled=\u00a0\u00bboff|desktop\u00a0\u00bb transform_scale__hover_enabled=\u00a0\u00bboff|desktop\u00a0\u00bb transform_translate__hover_enabled=\u00a0\u00bboff|desktop\u00a0\u00bb transform_rotate__hover_enabled=\u00a0\u00bboff|desktop\u00a0\u00bb transform_skew__hover_enabled=\u00a0\u00bboff|desktop\u00a0\u00bb transform_origin__hover_enabled=\u00a0\u00bboff|desktop\u00a0\u00bb text_font_size__hover_enabled=\u00a0\u00bboff|desktop\u00a0\u00bb]<\/p>\n<p>VIDEOS<\/p>\n<p>[\/et_pb_text][\/et_pb_column][et_pb_column type=\u00a0\u00bb3_4&Prime; specialty_columns=\u00a0\u00bb3&Prime; _builder_version=\u00a0\u00bb4.16&Prime; custom_padding=\u00a0\u00bb|||\u00a0\u00bb global_colors_info=\u00a0\u00bb{}\u00a0\u00bb custom_padding__hover=\u00a0\u00bb|||\u00a0\u00bb][et_pb_row_inner column_structure=\u00a0\u00bb1_2,1_2&Prime; _builder_version=\u00a0\u00bb4.16&Prime; width=\u00a0\u00bb80%\u00a0\u00bb max_width=\u00a0\u00bb1080px\u00a0\u00bb locked=\u00a0\u00bboff\u00a0\u00bb global_colors_info=\u00a0\u00bb{}\u00a0\u00bb][et_pb_column_inner type=\u00a0\u00bb1_2&Prime; saved_specialty_column_type=\u00a0\u00bb3_4&Prime; _builder_version=\u00a0\u00bb4.16&Prime; global_colors_info=\u00a0\u00bb{}\u00a0\u00bb][et_pb_video src_webm=\u00a0\u00bbhttps:\/\/sabliereslongevilloises.fr\/wp-content\/uploads\/2022\/07\/DJI_0246.mp4&Prime; _builder_version=\u00a0\u00bb4.17.6&Prime; _module_preset=\u00a0\u00bbdefault\u00a0\u00bb custom_margin=\u00a0\u00bb||28px|||\u00a0\u00bb global_colors_info=\u00a0\u00bb{}\u00a0\u00bb][\/et_pb_video][et_pb_text _builder_version=\u00a0\u00bb4.17.6&Prime; text_font=\u00a0\u00bbLora||||||||\u00a0\u00bb text_font_size=\u00a0\u00bb16px\u00a0\u00bb text_line_height=\u00a0\u00bb2em\u00a0\u00bb header_3_font=\u00a0\u00bbRoboto Condensed|700||on|||||\u00a0\u00bb header_3_font_size=\u00a0\u00bb20px\u00a0\u00bb header_3_letter_spacing=\u00a0\u00bb1px\u00a0\u00bb header_3_line_height=\u00a0\u00bb1.2em\u00a0\u00bb max_width=\u00a0\u00bb640px\u00a0\u00bb text_font_size_tablet=\u00a0\u00bb15px\u00a0\u00bb text_font_size_phone=\u00a0\u00bb14px\u00a0\u00bb text_font_size_last_edited=\u00a0\u00bbon|phone\u00a0\u00bb header_3_font_size_tablet=\u00a0\u00bb\u00a0\u00bb header_3_font_size_phone=\u00a0\u00bb18px\u00a0\u00bb header_3_font_size_last_edited=\u00a0\u00bbon|phone\u00a0\u00bb background_layout_tablet=\u00a0\u00bblight\u00a0\u00bb background_layout_phone=\u00a0\u00bb\u00a0\u00bb background_layout_last_edited=\u00a0\u00bbon|tablet\u00a0\u00bb locked=\u00a0\u00bboff\u00a0\u00bb global_colors_info=\u00a0\u00bb{}\u00a0\u00bb]<\/p>\n<h3><span style=\"color: #800000;\">Concasseur \u00e0 percussion<\/span><\/h3>\n<p>Production de concass\u00e9 de reyclage 0\/30<\/p>\n<p>[\/et_pb_text][\/et_pb_column_inner][et_pb_column_inner type=\u00a0\u00bb1_2&Prime; saved_specialty_column_type=\u00a0\u00bb3_4&Prime; _builder_version=\u00a0\u00bb4.16&Prime; global_colors_info=\u00a0\u00bb{}\u00a0\u00bb][et_pb_video src=\u00a0\u00bbhttps:\/\/youtu.be\/n6kV8Y5Yzmo\u00a0\u00bb _builder_version=\u00a0\u00bb4.17.6&Prime; _module_preset=\u00a0\u00bbdefault\u00a0\u00bb global_colors_info=\u00a0\u00bb{}\u00a0\u00bb][\/et_pb_video][et_pb_text _builder_version=\u00a0\u00bb4.18.0&Prime; text_font=\u00a0\u00bbLora||||||||\u00a0\u00bb text_font_size=\u00a0\u00bb16px\u00a0\u00bb text_line_height=\u00a0\u00bb2em\u00a0\u00bb header_3_font=\u00a0\u00bbRoboto Condensed|700||on|||||\u00a0\u00bb header_3_font_size=\u00a0\u00bb20px\u00a0\u00bb header_3_letter_spacing=\u00a0\u00bb1px\u00a0\u00bb header_3_line_height=\u00a0\u00bb1.2em\u00a0\u00bb max_width=\u00a0\u00bb640px\u00a0\u00bb hover_enabled=\u00a0\u00bb0&Prime; text_font_size_tablet=\u00a0\u00bb15px\u00a0\u00bb text_font_size_phone=\u00a0\u00bb14px\u00a0\u00bb text_font_size_last_edited=\u00a0\u00bbon|phone\u00a0\u00bb header_3_font_size_tablet=\u00a0\u00bb\u00a0\u00bb header_3_font_size_phone=\u00a0\u00bb18px\u00a0\u00bb header_3_font_size_last_edited=\u00a0\u00bbon|phone\u00a0\u00bb background_layout_tablet=\u00a0\u00bblight\u00a0\u00bb background_layout_phone=\u00a0\u00bb\u00a0\u00bb background_layout_last_edited=\u00a0\u00bbon|tablet\u00a0\u00bb locked=\u00a0\u00bboff\u00a0\u00bb global_colors_info=\u00a0\u00bb{}\u00a0\u00bb sticky_enabled=\u00a0\u00bb0&Prime;]<\/p>\n<h3><span style=\"color: #800000;\">Les ruches \u00e0 la sabli\u00e8re<\/span><\/h3>\n<p>Cr\u00e9ation de notre propre miel avec un apiculteur local.<\/p>\n<p>[\/et_pb_text][\/et_pb_column_inner][\/et_pb_row_inner][et_pb_row_inner column_structure=\u00a0\u00bb1_2,1_2&Prime; _builder_version=\u00a0\u00bb4.17.6&Prime; width=\u00a0\u00bb80%\u00a0\u00bb max_width=\u00a0\u00bb1080px\u00a0\u00bb locked=\u00a0\u00bboff\u00a0\u00bb global_colors_info=\u00a0\u00bb{}\u00a0\u00bb][et_pb_column_inner type=\u00a0\u00bb1_2&Prime; saved_specialty_column_type=\u00a0\u00bb3_4&Prime; _builder_version=\u00a0\u00bb4.16&Prime; global_colors_info=\u00a0\u00bb{}\u00a0\u00bb][et_pb_video src=\u00a0\u00bbhttps:\/\/youtu.be\/hcMUX_lJRMc\u00a0\u00bb src_webm=\u00a0\u00bbhttps:\/\/youtu.be\/hcMUX_lJRMc\u00a0\u00bb _builder_version=\u00a0\u00bb4.17.6&Prime; _module_preset=\u00a0\u00bbdefault\u00a0\u00bb custom_margin=\u00a0\u00bb||28px|||\u00a0\u00bb global_colors_info=\u00a0\u00bb{}\u00a0\u00bb][\/et_pb_video][et_pb_text _builder_version=\u00a0\u00bb4.17.6&Prime; text_font=\u00a0\u00bbLora||||||||\u00a0\u00bb text_font_size=\u00a0\u00bb16px\u00a0\u00bb text_line_height=\u00a0\u00bb2em\u00a0\u00bb header_3_font=\u00a0\u00bbRoboto Condensed|700||on|||||\u00a0\u00bb header_3_font_size=\u00a0\u00bb20px\u00a0\u00bb header_3_letter_spacing=\u00a0\u00bb1px\u00a0\u00bb header_3_line_height=\u00a0\u00bb1.2em\u00a0\u00bb max_width=\u00a0\u00bb640px\u00a0\u00bb text_font_size_tablet=\u00a0\u00bb15px\u00a0\u00bb text_font_size_phone=\u00a0\u00bb14px\u00a0\u00bb text_font_size_last_edited=\u00a0\u00bbon|phone\u00a0\u00bb header_3_font_size_tablet=\u00a0\u00bb\u00a0\u00bb header_3_font_size_phone=\u00a0\u00bb18px\u00a0\u00bb header_3_font_size_last_edited=\u00a0\u00bbon|phone\u00a0\u00bb background_layout_tablet=\u00a0\u00bblight\u00a0\u00bb background_layout_phone=\u00a0\u00bb\u00a0\u00bb background_layout_last_edited=\u00a0\u00bbon|tablet\u00a0\u00bb locked=\u00a0\u00bboff\u00a0\u00bb global_colors_info=\u00a0\u00bb{}\u00a0\u00bb]<\/p>\n<h3><span style=\"color: #800000;\">R\u00e9am\u00e9nagement apr\u00e8s l&rsquo;exploitation du terrain<\/span><\/h3>\n<p>Cr\u00e9ation de mares, plantation d&rsquo;arbres pour la faune et la flore<\/p>\n<p>[\/et_pb_text][\/et_pb_column_inner][et_pb_column_inner type=\u00a0\u00bb1_2&Prime; saved_specialty_column_type=\u00a0\u00bb3_4&Prime; _builder_version=\u00a0\u00bb4.16&Prime; global_colors_info=\u00a0\u00bb{}\u00a0\u00bb][et_pb_video src=\u00a0\u00bbhttps:\/\/youtu.be\/tErt3KAh1VU\u00a0\u00bb _builder_version=\u00a0\u00bb4.17.6&Prime; _module_preset=\u00a0\u00bbdefault\u00a0\u00bb global_colors_info=\u00a0\u00bb{}\u00a0\u00bb][\/et_pb_video][et_pb_text _builder_version=\u00a0\u00bb4.17.6&Prime; text_font=\u00a0\u00bbLora||||||||\u00a0\u00bb text_font_size=\u00a0\u00bb16px\u00a0\u00bb text_line_height=\u00a0\u00bb2em\u00a0\u00bb header_3_font=\u00a0\u00bbRoboto Condensed|700||on|||||\u00a0\u00bb header_3_font_size=\u00a0\u00bb20px\u00a0\u00bb header_3_letter_spacing=\u00a0\u00bb1px\u00a0\u00bb header_3_line_height=\u00a0\u00bb1.2em\u00a0\u00bb max_width=\u00a0\u00bb640px\u00a0\u00bb text_font_size_tablet=\u00a0\u00bb15px\u00a0\u00bb text_font_size_phone=\u00a0\u00bb14px\u00a0\u00bb text_font_size_last_edited=\u00a0\u00bbon|phone\u00a0\u00bb header_3_font_size_tablet=\u00a0\u00bb\u00a0\u00bb header_3_font_size_phone=\u00a0\u00bb18px\u00a0\u00bb header_3_font_size_last_edited=\u00a0\u00bbon|phone\u00a0\u00bb background_layout_tablet=\u00a0\u00bblight\u00a0\u00bb background_layout_phone=\u00a0\u00bb\u00a0\u00bb background_layout_last_edited=\u00a0\u00bbon|tablet\u00a0\u00bb locked=\u00a0\u00bboff\u00a0\u00bb global_colors_info=\u00a0\u00bb{}\u00a0\u00bb]<\/p>\n<h3><span style=\"color: #800000;\">Les terrains aux Sabli\u00e8res Longevilloises<\/span><\/h3>\n<p>&nbsp;<\/p>\n<p>[\/et_pb_text][\/et_pb_column_inner][\/et_pb_row_inner][\/et_pb_column][\/et_pb_section]<\/p>\n","protected":false},"excerpt":{"rendered":"<p>VIDEOSConcasseur \u00e0 percussion Production de concass\u00e9 de reyclage 0\/30Les ruches \u00e0 la sabli\u00e8re Cr\u00e9ation de notre propre miel avec un apiculteur local.R\u00e9am\u00e9nagement apr\u00e8s l&rsquo;exploitation du terrain Cr\u00e9ation de mares, plantation d&rsquo;arbres pour la faune et la floreLes terrains aux Sabli\u00e8res Longevilloises &nbsp;<\/p>","protected":false},"author":1,"featured_media":0,"parent":0,"menu_order":0,"comment_status":"closed","ping_status":"closed","template":"","meta":{"_et_pb_use_builder":"on","_et_pb_old_content":"<!-- wp:divi\/placeholder \/-->","_et_gb_content_width":"","footnotes":""},"class_list":["post-60","page","type-page","status-publish","hentry"],"yoast_head":"<!-- This site is optimized with the Yoast SEO plugin v27.5 - https:\/\/yoast.com\/product\/yoast-seo-wordpress\/ -->\n<title>Vid\u00e9os - Sabli\u00e8res Longevilloises<\/title>\n<meta name=\"robots\" content=\"index, follow, max-snippet:-1, max-image-preview:large, max-video-preview:-1\" \/>\n<link rel=\"canonical\" href=\"https:\/\/sabliereslongevilloises.fr\/de\/videos\/\" \/>\n<meta property=\"og:locale\" content=\"de_DE\" \/>\n<meta property=\"og:type\" content=\"article\" \/>\n<meta property=\"og:title\" content=\"Vid\u00e9os - Sabli\u00e8res Longevilloises\" \/>\n<meta property=\"og:description\" content=\"VIDEOSConcasseur \u00e0 percussion Production de concass\u00e9 de reyclage 0\/30Les ruches \u00e0 la sabli\u00e8re Cr\u00e9ation de notre propre miel avec un apiculteur local.R\u00e9am\u00e9nagement apr\u00e8s l&#039;exploitation du terrain Cr\u00e9ation de mares, plantation d&#039;arbres pour la faune et la floreLes terrains aux Sabli\u00e8res Longevilloises &nbsp;\" \/>\n<meta property=\"og:url\" content=\"https:\/\/sabliereslongevilloises.fr\/de\/videos\/\" \/>\n<meta property=\"og:site_name\" content=\"Sabli\u00e8res Longevilloises\" \/>\n<meta property=\"article:publisher\" content=\"https:\/\/www.facebook.com\/profile.php?id=100063539954474\" \/>\n<meta property=\"article:modified_time\" content=\"2022-08-19T08:51:36+00:00\" \/>\n<meta name=\"twitter:card\" content=\"summary_large_image\" \/>\n<meta name=\"twitter:label1\" content=\"Gesch\u00e4tzte Lesezeit\" \/>\n\t<meta name=\"twitter:data1\" content=\"6\u00a0Minuten\" \/>\n<script type=\"application\/ld+json\" class=\"yoast-schema-graph\">{\"@context\":\"https:\\\/\\\/schema.org\",\"@graph\":[{\"@type\":\"WebPage\",\"@id\":\"https:\\\/\\\/sabliereslongevilloises.fr\\\/de\\\/videos\\\/\",\"url\":\"https:\\\/\\\/sabliereslongevilloises.fr\\\/de\\\/videos\\\/\",\"name\":\"Vid\u00e9os - Sabli\u00e8res Longevilloises\",\"isPartOf\":{\"@id\":\"https:\\\/\\\/sabliereslongevilloises.fr\\\/#website\"},\"datePublished\":\"2022-07-18T06:01:36+00:00\",\"dateModified\":\"2022-08-19T08:51:36+00:00\",\"breadcrumb\":{\"@id\":\"https:\\\/\\\/sabliereslongevilloises.fr\\\/de\\\/videos\\\/#breadcrumb\"},\"inLanguage\":\"de\",\"potentialAction\":[{\"@type\":\"ReadAction\",\"target\":[\"https:\\\/\\\/sabliereslongevilloises.fr\\\/de\\\/videos\\\/\"]}]},{\"@type\":\"BreadcrumbList\",\"@id\":\"https:\\\/\\\/sabliereslongevilloises.fr\\\/de\\\/videos\\\/#breadcrumb\",\"itemListElement\":[{\"@type\":\"ListItem\",\"position\":1,\"name\":\"Accueil\",\"item\":\"https:\\\/\\\/sabliereslongevilloises.fr\\\/\"},{\"@type\":\"ListItem\",\"position\":2,\"name\":\"Vid\u00e9os\"}]},{\"@type\":\"WebSite\",\"@id\":\"https:\\\/\\\/sabliereslongevilloises.fr\\\/#website\",\"url\":\"https:\\\/\\\/sabliereslongevilloises.fr\\\/\",\"name\":\"Sabli\u00e8res Longevilloises\",\"description\":\"Exploitation de sable et centre de tri des d\u00e9chets inertes\",\"publisher\":{\"@id\":\"https:\\\/\\\/sabliereslongevilloises.fr\\\/#\\\/schema\\\/person\\\/e0b32ffec9726f7077a0fab830f337da\"},\"potentialAction\":[{\"@type\":\"SearchAction\",\"target\":{\"@type\":\"EntryPoint\",\"urlTemplate\":\"https:\\\/\\\/sabliereslongevilloises.fr\\\/?s={search_term_string}\"},\"query-input\":{\"@type\":\"PropertyValueSpecification\",\"valueRequired\":true,\"valueName\":\"search_term_string\"}}],\"inLanguage\":\"de\"},{\"@type\":[\"Person\",\"Organization\"],\"@id\":\"https:\\\/\\\/sabliereslongevilloises.fr\\\/#\\\/schema\\\/person\\\/e0b32ffec9726f7077a0fab830f337da\",\"name\":\"Sabli\u00e8re Longevilloise\",\"image\":{\"@type\":\"ImageObject\",\"inLanguage\":\"de\",\"@id\":\"https:\\\/\\\/sabliereslongevilloises.fr\\\/wp-content\\\/uploads\\\/2022\\\/08\\\/logo-sl-1.png\",\"url\":\"https:\\\/\\\/sabliereslongevilloises.fr\\\/wp-content\\\/uploads\\\/2022\\\/08\\\/logo-sl-1.png\",\"contentUrl\":\"https:\\\/\\\/sabliereslongevilloises.fr\\\/wp-content\\\/uploads\\\/2022\\\/08\\\/logo-sl-1.png\",\"width\":570,\"height\":438,\"caption\":\"Sabli\u00e8re Longevilloise\"},\"logo\":{\"@id\":\"https:\\\/\\\/sabliereslongevilloises.fr\\\/wp-content\\\/uploads\\\/2022\\\/08\\\/logo-sl-1.png\"},\"sameAs\":[\"http:\\\/\\\/sabliereslongevilloises.fr\",\"https:\\\/\\\/www.facebook.com\\\/profile.php?id=100063539954474\",\"https:\\\/\\\/www.linkedin.com\\\/company\\\/72248308\\\/admin\\\/\",\"https:\\\/\\\/www.youtube.com\\\/channel\\\/UCLgkikEqQzQkw82K9_feZuQ\"]}]}<\/script>\n<!-- \/ Yoast SEO plugin. -->","yoast_head_json":{"title":"Vid\u00e9os - Sabli\u00e8res Longevilloises","robots":{"index":"index","follow":"follow","max-snippet":"max-snippet:-1","max-image-preview":"max-image-preview:large","max-video-preview":"max-video-preview:-1"},"canonical":"https:\/\/sabliereslongevilloises.fr\/de\/videos\/","og_locale":"de_DE","og_type":"article","og_title":"Vid\u00e9os - Sabli\u00e8res Longevilloises","og_description":"VIDEOSConcasseur \u00e0 percussion Production de concass\u00e9 de reyclage 0\/30Les ruches \u00e0 la sabli\u00e8re Cr\u00e9ation de notre propre miel avec un apiculteur local.R\u00e9am\u00e9nagement apr\u00e8s l'exploitation du terrain Cr\u00e9ation de mares, plantation d'arbres pour la faune et la floreLes terrains aux Sabli\u00e8res Longevilloises &nbsp;","og_url":"https:\/\/sabliereslongevilloises.fr\/de\/videos\/","og_site_name":"Sabli\u00e8res Longevilloises","article_publisher":"https:\/\/www.facebook.com\/profile.php?id=100063539954474","article_modified_time":"2022-08-19T08:51:36+00:00","twitter_card":"summary_large_image","twitter_misc":{"Gesch\u00e4tzte Lesezeit":"6\u00a0Minuten"},"schema":{"@context":"https:\/\/schema.org","@graph":[{"@type":"WebPage","@id":"https:\/\/sabliereslongevilloises.fr\/de\/videos\/","url":"https:\/\/sabliereslongevilloises.fr\/de\/videos\/","name":"Vid\u00e9os - Sabli\u00e8res Longevilloises","isPartOf":{"@id":"https:\/\/sabliereslongevilloises.fr\/#website"},"datePublished":"2022-07-18T06:01:36+00:00","dateModified":"2022-08-19T08:51:36+00:00","breadcrumb":{"@id":"https:\/\/sabliereslongevilloises.fr\/de\/videos\/#breadcrumb"},"inLanguage":"de","potentialAction":[{"@type":"ReadAction","target":["https:\/\/sabliereslongevilloises.fr\/de\/videos\/"]}]},{"@type":"BreadcrumbList","@id":"https:\/\/sabliereslongevilloises.fr\/de\/videos\/#breadcrumb","itemListElement":[{"@type":"ListItem","position":1,"name":"Accueil","item":"https:\/\/sabliereslongevilloises.fr\/"},{"@type":"ListItem","position":2,"name":"Vid\u00e9os"}]},{"@type":"WebSite","@id":"https:\/\/sabliereslongevilloises.fr\/#website","url":"https:\/\/sabliereslongevilloises.fr\/","name":"Longevilloises Sandgruben","description":"Sandabbau und Sortieranlage f\u00fcr Inertabf\u00e4lle","publisher":{"@id":"https:\/\/sabliereslongevilloises.fr\/#\/schema\/person\/e0b32ffec9726f7077a0fab830f337da"},"potentialAction":[{"@type":"SearchAction","target":{"@type":"EntryPoint","urlTemplate":"https:\/\/sabliereslongevilloises.fr\/?s={search_term_string}"},"query-input":{"@type":"PropertyValueSpecification","valueRequired":true,"valueName":"search_term_string"}}],"inLanguage":"de"},{"@type":["Person","Organization"],"@id":"https:\/\/sabliereslongevilloises.fr\/#\/schema\/person\/e0b32ffec9726f7077a0fab830f337da","name":"Longevilloises Sandgruben","image":{"@type":"ImageObject","inLanguage":"de","@id":"https:\/\/sabliereslongevilloises.fr\/wp-content\/uploads\/2022\/08\/logo-sl-1.png","url":"https:\/\/sabliereslongevilloises.fr\/wp-content\/uploads\/2022\/08\/logo-sl-1.png","contentUrl":"https:\/\/sabliereslongevilloises.fr\/wp-content\/uploads\/2022\/08\/logo-sl-1.png","width":570,"height":438,"caption":"Sabli\u00e8re Longevilloise"},"logo":{"@id":"https:\/\/sabliereslongevilloises.fr\/wp-content\/uploads\/2022\/08\/logo-sl-1.png"},"sameAs":["http:\/\/sabliereslongevilloises.fr","https:\/\/www.facebook.com\/profile.php?id=100063539954474","https:\/\/www.linkedin.com\/company\/72248308\/admin\/","https:\/\/www.youtube.com\/channel\/UCLgkikEqQzQkw82K9_feZuQ"]}]}},"_links":{"self":[{"href":"https:\/\/sabliereslongevilloises.fr\/de\/wp-json\/wp\/v2\/pages\/60","targetHints":{"allow":["GET"]}}],"collection":[{"href":"https:\/\/sabliereslongevilloises.fr\/de\/wp-json\/wp\/v2\/pages"}],"about":[{"href":"https:\/\/sabliereslongevilloises.fr\/de\/wp-json\/wp\/v2\/types\/page"}],"author":[{"embeddable":true,"href":"https:\/\/sabliereslongevilloises.fr\/de\/wp-json\/wp\/v2\/users\/1"}],"replies":[{"embeddable":true,"href":"https:\/\/sabliereslongevilloises.fr\/de\/wp-json\/wp\/v2\/comments?post=60"}],"version-history":[{"count":5,"href":"https:\/\/sabliereslongevilloises.fr\/de\/wp-json\/wp\/v2\/pages\/60\/revisions"}],"predecessor-version":[{"id":849,"href":"https:\/\/sabliereslongevilloises.fr\/de\/wp-json\/wp\/v2\/pages\/60\/revisions\/849"}],"wp:attachment":[{"href":"https:\/\/sabliereslongevilloises.fr\/de\/wp-json\/wp\/v2\/media?parent=60"}],"curies":[{"name":"wp","href":"https:\/\/api.w.org\/{rel}","templated":true}]}}