{"id":957,"date":"2025-12-31T11:23:53","date_gmt":"2025-12-31T10:23:53","guid":{"rendered":"https:\/\/sabliereslongevilloises.fr\/?page_id=957"},"modified":"2025-12-31T11:24:14","modified_gmt":"2025-12-31T10:24:14","slug":"957-2","status":"publish","type":"page","link":"https:\/\/sabliereslongevilloises.fr\/de\/957-2\/","title":{"rendered":"Actualit\u00e9s"},"content":{"rendered":"<p>[et_pb_section fb_built=\u00a0\u00bb1&Prime; theme_builder_area=\u00a0\u00bbpost_content\u00a0\u00bb _builder_version=\u00a0\u00bb4.27.5&Prime; _module_preset=\u00a0\u00bbdefault\u00a0\u00bb][et_pb_row _builder_version=\u00a0\u00bb4.27.5&Prime; _module_preset=\u00a0\u00bbdefault\u00a0\u00bb theme_builder_area=\u00a0\u00bbpost_content\u00a0\u00bb][et_pb_column _builder_version=\u00a0\u00bb4.27.5&Prime; _module_preset=\u00a0\u00bbdefault\u00a0\u00bb type=\u00a0\u00bb4_4&Prime; theme_builder_area=\u00a0\u00bbpost_content\u00a0\u00bb][et_pb_text _builder_version=\u00a0\u00bb4.27.5&Prime; _module_preset=\u00a0\u00bbdefault\u00a0\u00bb theme_builder_area=\u00a0\u00bbpost_content\u00a0\u00bb text_text_color=\u00a0\u00bb#FFA626&Prime; text_font_size=\u00a0\u00bb37px\u00a0\u00bb text_letter_spacing=\u00a0\u00bb2px\u00a0\u00bb text_orientation=\u00a0\u00bbcenter\u00a0\u00bb hover_enabled=\u00a0\u00bb0&Prime; sticky_enabled=\u00a0\u00bb0&Prime;]<\/p>\n<p>L&rsquo;actualit\u00e9 des Sabli\u00e8res Longevilloises<\/p>\n<p>[\/et_pb_text][et_pb_text _builder_version=\u00a0\u00bb4.27.5&Prime; _module_preset=\u00a0\u00bbdefault\u00a0\u00bb theme_builder_area=\u00a0\u00bbpost_content\u00a0\u00bb text_text_color=\u00a0\u00bb#501501&Prime; text_font_size=\u00a0\u00bb16px\u00a0\u00bb text_orientation=\u00a0\u00bbcenter\u00a0\u00bb hover_enabled=\u00a0\u00bb0&Prime; sticky_enabled=\u00a0\u00bb0&Prime;]<\/p>\n<p>Nouveaux stocks, chantiers en cours et infos pratiques : suivez notre quotidien<\/p>\n<p>[\/et_pb_text][\/et_pb_column][\/et_pb_row][et_pb_row _builder_version=\u00a0\u00bb4.27.5&Prime; _module_preset=\u00a0\u00bbdefault\u00a0\u00bb theme_builder_area=\u00a0\u00bbpost_content\u00a0\u00bb][et_pb_column _builder_version=\u00a0\u00bb4.27.5&Prime; _module_preset=\u00a0\u00bbdefault\u00a0\u00bb type=\u00a0\u00bb4_4&Prime; theme_builder_area=\u00a0\u00bbpost_content\u00a0\u00bb][et_pb_cta title=\u00a0\u00bbSuivez-nous sur les r\u00e9seaux sociaux\u00a0\u00bb button_text=\u00a0\u00bbVoir notre page Facebook\u00a0\u00bb _builder_version=\u00a0\u00bb4.27.5&Prime; _module_preset=\u00a0\u00bbdefault\u00a0\u00bb theme_builder_area=\u00a0\u00bbpost_content\u00a0\u00bb button_url=\u00a0\u00bbhttps:\/\/www.facebook.com\/p\/Sabli%C3%A8re-Longevilloise-100063539954474\/?locale=fr_FR\u00a0\u00bb background_color=\u00a0\u00bb#FFA626&Prime; hover_enabled=\u00a0\u00bb0&Prime; sticky_enabled=\u00a0\u00bb0&Prime; custom_button=\u00a0\u00bbon\u00a0\u00bb button_text_color=\u00a0\u00bb#FFFFFF\u00a0\u00bb button_bg_color=\u00a0\u00bb#0C71C3&Prime; button_bg_enable_color=\u00a0\u00bbon\u00a0\u00bb]<\/p>\n<p>Nous y partageons chaque semaine nos photos de chantiers, nos arrivages de terre v\u00e9g\u00e9tale et nos livraisons ou horaires.<\/p>\n<p>[\/et_pb_cta][\/et_pb_column][\/et_pb_row][\/et_pb_section]<\/p>\n","protected":false},"excerpt":{"rendered":"<p>L&rsquo;actualit\u00e9 des Sabli\u00e8res LongevilloisesNouveaux stocks, chantiers en cours et infos pratiques : suivez notre quotidienNous y partageons chaque semaine nos photos de chantiers, nos arrivages de terre v\u00e9g\u00e9tale et nos livraisons ou horaires.<\/p>","protected":false},"author":1,"featured_media":0,"parent":0,"menu_order":0,"comment_status":"closed","ping_status":"closed","template":"","meta":{"_et_pb_use_builder":"on","_et_pb_old_content":"","_et_gb_content_width":"","footnotes":""},"class_list":["post-957","page","type-page","status-publish","hentry"],"yoast_head":"<!-- This site is optimized with the Yoast SEO plugin v27.5 - https:\/\/yoast.com\/product\/yoast-seo-wordpress\/ -->\n<title>Actualit\u00e9s - Sabli\u00e8res Longevilloises<\/title>\n<meta name=\"robots\" content=\"index, follow, max-snippet:-1, max-image-preview:large, max-video-preview:-1\" \/>\n<link rel=\"canonical\" href=\"https:\/\/sabliereslongevilloises.fr\/de\/957-2\/\" \/>\n<meta property=\"og:locale\" content=\"de_DE\" \/>\n<meta property=\"og:type\" content=\"article\" \/>\n<meta property=\"og:title\" content=\"Actualit\u00e9s - Sabli\u00e8res Longevilloises\" \/>\n<meta property=\"og:description\" content=\"L&#039;actualit\u00e9 des Sabli\u00e8res LongevilloisesNouveaux stocks, chantiers en cours et infos pratiques : suivez notre quotidienNous y partageons chaque semaine nos photos de chantiers, nos arrivages de terre v\u00e9g\u00e9tale et nos livraisons ou horaires.\" \/>\n<meta property=\"og:url\" content=\"https:\/\/sabliereslongevilloises.fr\/de\/957-2\/\" \/>\n<meta property=\"og:site_name\" content=\"Sabli\u00e8res Longevilloises\" \/>\n<meta property=\"article:publisher\" content=\"https:\/\/www.facebook.com\/profile.php?id=100063539954474\" \/>\n<meta property=\"article:modified_time\" content=\"2025-12-31T10:24:14+00:00\" \/>\n<meta name=\"twitter:card\" content=\"summary_large_image\" \/>\n<script type=\"application\/ld+json\" class=\"yoast-schema-graph\">{\"@context\":\"https:\\\/\\\/schema.org\",\"@graph\":[{\"@type\":\"WebPage\",\"@id\":\"https:\\\/\\\/sabliereslongevilloises.fr\\\/957-2\\\/\",\"url\":\"https:\\\/\\\/sabliereslongevilloises.fr\\\/957-2\\\/\",\"name\":\"Actualit\u00e9s - Sabli\u00e8res Longevilloises\",\"isPartOf\":{\"@id\":\"https:\\\/\\\/sabliereslongevilloises.fr\\\/#website\"},\"datePublished\":\"2025-12-31T10:23:53+00:00\",\"dateModified\":\"2025-12-31T10:24:14+00:00\",\"breadcrumb\":{\"@id\":\"https:\\\/\\\/sabliereslongevilloises.fr\\\/957-2\\\/#breadcrumb\"},\"inLanguage\":\"de\",\"potentialAction\":[{\"@type\":\"ReadAction\",\"target\":[\"https:\\\/\\\/sabliereslongevilloises.fr\\\/957-2\\\/\"]}]},{\"@type\":\"BreadcrumbList\",\"@id\":\"https:\\\/\\\/sabliereslongevilloises.fr\\\/957-2\\\/#breadcrumb\",\"itemListElement\":[{\"@type\":\"ListItem\",\"position\":1,\"name\":\"Accueil\",\"item\":\"https:\\\/\\\/sabliereslongevilloises.fr\\\/\"},{\"@type\":\"ListItem\",\"position\":2,\"name\":\"Actualit\u00e9s\"}]},{\"@type\":\"WebSite\",\"@id\":\"https:\\\/\\\/sabliereslongevilloises.fr\\\/#website\",\"url\":\"https:\\\/\\\/sabliereslongevilloises.fr\\\/\",\"name\":\"Sabli\u00e8res Longevilloises\",\"description\":\"Exploitation de sable et centre de tri des d\u00e9chets inertes\",\"publisher\":{\"@id\":\"https:\\\/\\\/sabliereslongevilloises.fr\\\/#\\\/schema\\\/person\\\/e0b32ffec9726f7077a0fab830f337da\"},\"potentialAction\":[{\"@type\":\"SearchAction\",\"target\":{\"@type\":\"EntryPoint\",\"urlTemplate\":\"https:\\\/\\\/sabliereslongevilloises.fr\\\/?s={search_term_string}\"},\"query-input\":{\"@type\":\"PropertyValueSpecification\",\"valueRequired\":true,\"valueName\":\"search_term_string\"}}],\"inLanguage\":\"de\"},{\"@type\":[\"Person\",\"Organization\"],\"@id\":\"https:\\\/\\\/sabliereslongevilloises.fr\\\/#\\\/schema\\\/person\\\/e0b32ffec9726f7077a0fab830f337da\",\"name\":\"Sabli\u00e8re Longevilloise\",\"image\":{\"@type\":\"ImageObject\",\"inLanguage\":\"de\",\"@id\":\"https:\\\/\\\/sabliereslongevilloises.fr\\\/wp-content\\\/uploads\\\/2022\\\/08\\\/logo-sl-1.png\",\"url\":\"https:\\\/\\\/sabliereslongevilloises.fr\\\/wp-content\\\/uploads\\\/2022\\\/08\\\/logo-sl-1.png\",\"contentUrl\":\"https:\\\/\\\/sabliereslongevilloises.fr\\\/wp-content\\\/uploads\\\/2022\\\/08\\\/logo-sl-1.png\",\"width\":570,\"height\":438,\"caption\":\"Sabli\u00e8re Longevilloise\"},\"logo\":{\"@id\":\"https:\\\/\\\/sabliereslongevilloises.fr\\\/wp-content\\\/uploads\\\/2022\\\/08\\\/logo-sl-1.png\"},\"sameAs\":[\"http:\\\/\\\/sabliereslongevilloises.fr\",\"https:\\\/\\\/www.facebook.com\\\/profile.php?id=100063539954474\",\"https:\\\/\\\/www.linkedin.com\\\/company\\\/72248308\\\/admin\\\/\",\"https:\\\/\\\/www.youtube.com\\\/channel\\\/UCLgkikEqQzQkw82K9_feZuQ\"]}]}<\/script>\n<!-- \/ Yoast SEO plugin. -->","yoast_head_json":{"title":"Actualit\u00e9s - Sabli\u00e8res Longevilloises","robots":{"index":"index","follow":"follow","max-snippet":"max-snippet:-1","max-image-preview":"max-image-preview:large","max-video-preview":"max-video-preview:-1"},"canonical":"https:\/\/sabliereslongevilloises.fr\/de\/957-2\/","og_locale":"de_DE","og_type":"article","og_title":"Actualit\u00e9s - Sabli\u00e8res Longevilloises","og_description":"L'actualit\u00e9 des Sabli\u00e8res LongevilloisesNouveaux stocks, chantiers en cours et infos pratiques : suivez notre quotidienNous y partageons chaque semaine nos photos de chantiers, nos arrivages de terre v\u00e9g\u00e9tale et nos livraisons ou horaires.","og_url":"https:\/\/sabliereslongevilloises.fr\/de\/957-2\/","og_site_name":"Sabli\u00e8res Longevilloises","article_publisher":"https:\/\/www.facebook.com\/profile.php?id=100063539954474","article_modified_time":"2025-12-31T10:24:14+00:00","twitter_card":"summary_large_image","schema":{"@context":"https:\/\/schema.org","@graph":[{"@type":"WebPage","@id":"https:\/\/sabliereslongevilloises.fr\/957-2\/","url":"https:\/\/sabliereslongevilloises.fr\/957-2\/","name":"Actualit\u00e9s - Sabli\u00e8res Longevilloises","isPartOf":{"@id":"https:\/\/sabliereslongevilloises.fr\/#website"},"datePublished":"2025-12-31T10:23:53+00:00","dateModified":"2025-12-31T10:24:14+00:00","breadcrumb":{"@id":"https:\/\/sabliereslongevilloises.fr\/957-2\/#breadcrumb"},"inLanguage":"de","potentialAction":[{"@type":"ReadAction","target":["https:\/\/sabliereslongevilloises.fr\/957-2\/"]}]},{"@type":"BreadcrumbList","@id":"https:\/\/sabliereslongevilloises.fr\/957-2\/#breadcrumb","itemListElement":[{"@type":"ListItem","position":1,"name":"Accueil","item":"https:\/\/sabliereslongevilloises.fr\/"},{"@type":"ListItem","position":2,"name":"Actualit\u00e9s"}]},{"@type":"WebSite","@id":"https:\/\/sabliereslongevilloises.fr\/#website","url":"https:\/\/sabliereslongevilloises.fr\/","name":"Longevilloises Sandgruben","description":"Sandabbau und Sortieranlage f\u00fcr Inertabf\u00e4lle","publisher":{"@id":"https:\/\/sabliereslongevilloises.fr\/#\/schema\/person\/e0b32ffec9726f7077a0fab830f337da"},"potentialAction":[{"@type":"SearchAction","target":{"@type":"EntryPoint","urlTemplate":"https:\/\/sabliereslongevilloises.fr\/?s={search_term_string}"},"query-input":{"@type":"PropertyValueSpecification","valueRequired":true,"valueName":"search_term_string"}}],"inLanguage":"de"},{"@type":["Person","Organization"],"@id":"https:\/\/sabliereslongevilloises.fr\/#\/schema\/person\/e0b32ffec9726f7077a0fab830f337da","name":"Longevilloises Sandgruben","image":{"@type":"ImageObject","inLanguage":"de","@id":"https:\/\/sabliereslongevilloises.fr\/wp-content\/uploads\/2022\/08\/logo-sl-1.png","url":"https:\/\/sabliereslongevilloises.fr\/wp-content\/uploads\/2022\/08\/logo-sl-1.png","contentUrl":"https:\/\/sabliereslongevilloises.fr\/wp-content\/uploads\/2022\/08\/logo-sl-1.png","width":570,"height":438,"caption":"Sabli\u00e8re Longevilloise"},"logo":{"@id":"https:\/\/sabliereslongevilloises.fr\/wp-content\/uploads\/2022\/08\/logo-sl-1.png"},"sameAs":["http:\/\/sabliereslongevilloises.fr","https:\/\/www.facebook.com\/profile.php?id=100063539954474","https:\/\/www.linkedin.com\/company\/72248308\/admin\/","https:\/\/www.youtube.com\/channel\/UCLgkikEqQzQkw82K9_feZuQ"]}]}},"_links":{"self":[{"href":"https:\/\/sabliereslongevilloises.fr\/de\/wp-json\/wp\/v2\/pages\/957","targetHints":{"allow":["GET"]}}],"collection":[{"href":"https:\/\/sabliereslongevilloises.fr\/de\/wp-json\/wp\/v2\/pages"}],"about":[{"href":"https:\/\/sabliereslongevilloises.fr\/de\/wp-json\/wp\/v2\/types\/page"}],"author":[{"embeddable":true,"href":"https:\/\/sabliereslongevilloises.fr\/de\/wp-json\/wp\/v2\/users\/1"}],"replies":[{"embeddable":true,"href":"https:\/\/sabliereslongevilloises.fr\/de\/wp-json\/wp\/v2\/comments?post=957"}],"version-history":[{"count":3,"href":"https:\/\/sabliereslongevilloises.fr\/de\/wp-json\/wp\/v2\/pages\/957\/revisions"}],"predecessor-version":[{"id":961,"href":"https:\/\/sabliereslongevilloises.fr\/de\/wp-json\/wp\/v2\/pages\/957\/revisions\/961"}],"wp:attachment":[{"href":"https:\/\/sabliereslongevilloises.fr\/de\/wp-json\/wp\/v2\/media?parent=957"}],"curies":[{"name":"wp","href":"https:\/\/api.w.org\/{rel}","templated":true}]}}