{"id":963,"date":"2025-12-31T13:34:20","date_gmt":"2025-12-31T12:34:20","guid":{"rendered":"https:\/\/sabliereslongevilloises.fr\/?page_id=963"},"modified":"2025-12-31T14:03:46","modified_gmt":"2025-12-31T13:03:46","slug":"963-2","status":"publish","type":"page","link":"https:\/\/sabliereslongevilloises.fr\/de\/963-2\/","title":{"rendered":"Produits"},"content":{"rendered":"<p>[et_pb_section fb_built=\u00a0\u00bb1&Prime; _builder_version=\u00a0\u00bb4.27.5&Prime; _module_preset=\u00a0\u00bbdefault\u00a0\u00bb global_colors_info=\u00a0\u00bb{}\u00a0\u00bb][et_pb_row column_structure=\u00a0\u00bb1_3,1_3,1_3&Prime; _builder_version=\u00a0\u00bb4.27.5&Prime; _module_preset=\u00a0\u00bbdefault\u00a0\u00bb global_colors_info=\u00a0\u00bb{}\u00a0\u00bb][et_pb_column type=\u00a0\u00bb1_3&Prime; _builder_version=\u00a0\u00bb4.27.5&Prime; _module_preset=\u00a0\u00bbdefault\u00a0\u00bb global_colors_info=\u00a0\u00bb{}\u00a0\u00bb][et_pb_blurb title=\u00a0\u00bbSable de tranch\u00e9e tamis\u00e9\u00a0\u00bb url=\u00a0\u00bbFiche technique produit\u00a0\u00bb image=\u00a0\u00bbhttps:\/\/sabliereslongevilloises.fr\/wp-content\/uploads\/2025\/12\/14.png\u00a0\u00bb _builder_version=\u00a0\u00bb4.27.5&Prime; _dynamic_attributes=\u00a0\u00bblink_option_url\u00a0\u00bb _module_preset=\u00a0\u00bbdefault\u00a0\u00bb hover_enabled=\u00a0\u00bb0&Prime; global_colors_info=\u00a0\u00bb{}\u00a0\u00bb link_option_url=\u00a0\u00bb@ET-DC@eyJkeW5hbWljIjp0cnVlLCJjb250ZW50IjoicG9zdF9saW5rX3VybF9wYWdlIiwic2V0dGluZ3MiOnsicG9zdF9pZCI6IjY2In19@\u00a0\u00bb background_color=\u00a0\u00bb#FFFFFF\u00a0\u00bb header_text_color=\u00a0\u00bb#501501&Prime; sticky_enabled=\u00a0\u00bb0&Prime;]<\/p>\n<p>Recommand\u00e9 pour l&rsquo;enrobage de canalisations et les travaux de r\u00e9seaux<\/p>\n<p>[\/et_pb_blurb][\/et_pb_column][et_pb_column type=\u00a0\u00bb1_3&Prime; _builder_version=\u00a0\u00bb4.27.5&Prime; _module_preset=\u00a0\u00bbdefault\u00a0\u00bb global_colors_info=\u00a0\u00bb{}\u00a0\u00bb][et_pb_blurb title=\u00a0\u00bbSable de route\u00a0\u00bb image=\u00a0\u00bbhttps:\/\/sabliereslongevilloises.fr\/wp-content\/uploads\/2025\/12\/152.png\u00a0\u00bb _builder_version=\u00a0\u00bb4.27.5&Prime; _module_preset=\u00a0\u00bbdefault\u00a0\u00bb hover_enabled=\u00a0\u00bb0&Prime; sticky_enabled=\u00a0\u00bb0&Prime; title_text=\u00a0\u00bb15(2)\u00a0\u00bb header_text_color=\u00a0\u00bb#501501&Prime; link_option_url=\u00a0\u00bb@ET-DC@eyJkeW5hbWljIjp0cnVlLCJjb250ZW50IjoicG9zdF9saW5rX3VybF9wYWdlIiwic2V0dGluZ3MiOnsicG9zdF9pZCI6IjY0In19@\u00a0\u00bb _dynamic_attributes=\u00a0\u00bblink_option_url\u00a0\u00bb]<\/p>\n<p>Solution \u00e9conomique pour le remblaiement g\u00e9n\u00e9ral et les fonds de forme (pr\u00e9sence de cailloux).<\/p>\n<p>[\/et_pb_blurb][\/et_pb_column][et_pb_column type=\u00a0\u00bb1_3&Prime; _builder_version=\u00a0\u00bb4.27.5&Prime; _module_preset=\u00a0\u00bbdefault\u00a0\u00bb global_colors_info=\u00a0\u00bb{}\u00a0\u00bb][et_pb_blurb title=\u00a0\u00bbSable recycl\u00e9 0\/6&Prime; image=\u00a0\u00bbhttps:\/\/sabliereslongevilloises.fr\/wp-content\/uploads\/2025\/12\/17.png\u00a0\u00bb _builder_version=\u00a0\u00bb4.27.5&Prime; _module_preset=\u00a0\u00bbdefault\u00a0\u00bb title_text=\u00a0\u00bb17&Prime; hover_enabled=\u00a0\u00bb0&Prime; sticky_enabled=\u00a0\u00bb0&Prime; header_text_color=\u00a0\u00bb#501501&Prime; link_option_url=\u00a0\u00bb@ET-DC@eyJkeW5hbWljIjp0cnVlLCJjb250ZW50IjoicG9zdF9saW5rX3VybF9wYWdlIiwic2V0dGluZ3MiOnsicG9zdF9pZCI6Ijk2MyJ9fQ==@\u00a0\u00bb _dynamic_attributes=\u00a0\u00bblink_option_url\u00a0\u00bb]<\/p>\n<p>Alternative \u00e9conomique au sable tamis\u00e9 pour l&rsquo;enrobage de r\u00e9seaux et le remblaiement. <i data-path-to-node=\"1,1,0\" data-index-in-node=\"100\">Attention : ne pas utiliser sur des canalisations en fonte.<\/i><\/p>\n<p>[\/et_pb_blurb][\/et_pb_column][\/et_pb_row][et_pb_row column_structure=\u00a0\u00bb1_3,1_3,1_3&Prime; _builder_version=\u00a0\u00bb4.27.5&Prime; _module_preset=\u00a0\u00bbdefault\u00a0\u00bb global_colors_info=\u00a0\u00bb{}\u00a0\u00bb][et_pb_column type=\u00a0\u00bb1_3&Prime; _builder_version=\u00a0\u00bb4.27.5&Prime; _module_preset=\u00a0\u00bbdefault\u00a0\u00bb global_colors_info=\u00a0\u00bb{}\u00a0\u00bb][et_pb_blurb title=\u00a0\u00bbRecycl\u00e9 5\/16&Prime; url=\u00a0\u00bbFiche technique produit\u00a0\u00bb _builder_version=\u00a0\u00bb4.27.5&Prime; _dynamic_attributes=\u00a0\u00bblink_option_url\u00a0\u00bb _module_preset=\u00a0\u00bbdefault\u00a0\u00bb hover_enabled=\u00a0\u00bb0&Prime; global_colors_info=\u00a0\u00bb{}\u00a0\u00bb link_option_url=\u00a0\u00bb@ET-DC@eyJkeW5hbWljIjp0cnVlLCJjb250ZW50IjoicG9zdF9saW5rX3VybF9wYWdlIiwic2V0dGluZ3MiOnsicG9zdF9pZCI6IjY2In19@\u00a0\u00bb background_color=\u00a0\u00bb#FFFFFF\u00a0\u00bb header_text_color=\u00a0\u00bb#501501&Prime; sticky_enabled=\u00a0\u00bb0&Prime; title_text=\u00a0\u00bb16&Prime; image=\u00a0\u00bbhttps:\/\/sabliereslongevilloises.fr\/wp-content\/uploads\/2025\/12\/16.png\u00a0\u00bb]<\/p>\n<p>Id\u00e9al pour le drainage technique. Mat\u00e9riau concass\u00e9 brut, moins esth\u00e9tique qu&rsquo;un galet roul\u00e9 mais tr\u00e8s efficace et \u00e9conomique.<\/p>\n<p>[\/et_pb_blurb][\/et_pb_column][et_pb_column type=\u00a0\u00bb1_3&Prime; _builder_version=\u00a0\u00bb4.27.5&Prime; _module_preset=\u00a0\u00bbdefault\u00a0\u00bb global_colors_info=\u00a0\u00bb{}\u00a0\u00bb][et_pb_blurb title=\u00a0\u00bbRecycl\u00e9 0\/31.5&Prime; image=\u00a0\u00bbhttps:\/\/sabliereslongevilloises.fr\/wp-content\/uploads\/2025\/12\/111.png\u00a0\u00bb _builder_version=\u00a0\u00bb4.27.5&Prime; _module_preset=\u00a0\u00bbdefault\u00a0\u00bb hover_enabled=\u00a0\u00bb0&Prime; sticky_enabled=\u00a0\u00bb0&Prime; title_text=\u00a0\u00bb1(11)\u00a0\u00bb header_text_color=\u00a0\u00bb#501501&Prime;]<\/p>\n<p>Id\u00e9al pour les fonds de forme, parkings et sous-couches de terrasses. Mat\u00e9riau stable et robuste pour stabiliser vos sols avant la couche de finition.<\/p>\n<p>[\/et_pb_blurb][\/et_pb_column][et_pb_column type=\u00a0\u00bb1_3&Prime; _builder_version=\u00a0\u00bb4.27.5&Prime; _module_preset=\u00a0\u00bbdefault\u00a0\u00bb global_colors_info=\u00a0\u00bb{}\u00a0\u00bb][et_pb_blurb title=\u00a0\u00bbRecycl\u00e9 30\/80&Prime; _builder_version=\u00a0\u00bb4.27.5&Prime; _module_preset=\u00a0\u00bbdefault\u00a0\u00bb title_text=\u00a0\u00bb18&Prime; hover_enabled=\u00a0\u00bb0&Prime; sticky_enabled=\u00a0\u00bb0&Prime; header_text_color=\u00a0\u00bb#501501&Prime; image=\u00a0\u00bbhttps:\/\/sabliereslongevilloises.fr\/wp-content\/uploads\/2025\/12\/18.png\u00a0\u00bb]<\/p>\n<p>Id\u00e9al pour la stabilisation de sols meubles, le gros remblaiement et la cr\u00e9ation de plateformes. Un mat\u00e9riau robuste \u00e0 forte granulom\u00e9trie pour assurer une base solide \u00e0 vos chantiers.<\/p>\n<p>[\/et_pb_blurb][\/et_pb_column][\/et_pb_row][et_pb_row column_structure=\u00a0\u00bb1_3,1_3,1_3&Prime; _builder_version=\u00a0\u00bb4.27.5&Prime; _module_preset=\u00a0\u00bbdefault\u00a0\u00bb global_colors_info=\u00a0\u00bb{}\u00a0\u00bb][et_pb_column type=\u00a0\u00bb1_3&Prime; _builder_version=\u00a0\u00bb4.27.5&Prime; _module_preset=\u00a0\u00bbdefault\u00a0\u00bb global_colors_info=\u00a0\u00bb{}\u00a0\u00bb][et_pb_blurb title=\u00a0\u00bbRecycl\u00e9 0\/80&Prime; url=\u00a0\u00bbFiche technique produit\u00a0\u00bb _builder_version=\u00a0\u00bb4.27.5&Prime; _dynamic_attributes=\u00a0\u00bblink_option_url\u00a0\u00bb _module_preset=\u00a0\u00bbdefault\u00a0\u00bb hover_enabled=\u00a0\u00bb0&Prime; global_colors_info=\u00a0\u00bb{}\u00a0\u00bb link_option_url=\u00a0\u00bb@ET-DC@eyJkeW5hbWljIjp0cnVlLCJjb250ZW50IjoicG9zdF9saW5rX3VybF9wYWdlIiwic2V0dGluZ3MiOnsicG9zdF9pZCI6IjY2In19@\u00a0\u00bb background_color=\u00a0\u00bb#FFFFFF\u00a0\u00bb header_text_color=\u00a0\u00bb#501501&Prime; sticky_enabled=\u00a0\u00bb0&Prime; title_text=\u00a0\u00bb2(11)\u00a0\u00bb image=\u00a0\u00bbhttps:\/\/sabliereslongevilloises.fr\/wp-content\/uploads\/2025\/12\/211.png\u00a0\u00bb]<\/p>\n<p>Id\u00e9al pour le gros remblaiement, les pistes foresti\u00e8res et la stabilisation de sols instables. Assure une assise solide et \u00e9conomique pour vos travaux d&rsquo;envergure.<\/p>\n<p>[\/et_pb_blurb][\/et_pb_column][et_pb_column type=\u00a0\u00bb1_3&Prime; _builder_version=\u00a0\u00bb4.27.5&Prime; _module_preset=\u00a0\u00bbdefault\u00a0\u00bb global_colors_info=\u00a0\u00bb{}\u00a0\u00bb][et_pb_blurb title=\u00a0\u00bbM\u00e9lange b\u00e9ton 0\/15&Prime; image=\u00a0\u00bbhttps:\/\/sabliereslongevilloises.fr\/wp-content\/uploads\/2025\/12\/81.png\u00a0\u00bb _builder_version=\u00a0\u00bb4.27.5&Prime; _module_preset=\u00a0\u00bbdefault\u00a0\u00bb hover_enabled=\u00a0\u00bb0&Prime; sticky_enabled=\u00a0\u00bb0&Prime; title_text=\u00a0\u00bb8(1)\u00a0\u00bb header_text_color=\u00a0\u00bb#501501&Prime;]<\/p>\n<p>Id\u00e9al pour la r\u00e9alisation de tous vos b\u00e9tons (fondations, dalles, poteaux). M\u00e9lange de sable et graviers pr\u00eat \u00e0 l&#8217;emploi, il vous suffit d&rsquo;ajouter le ciment et l&rsquo;eau.<\/p>\n<p>[\/et_pb_blurb][\/et_pb_column][et_pb_column type=\u00a0\u00bb1_3&Prime; _builder_version=\u00a0\u00bb4.27.5&Prime; _module_preset=\u00a0\u00bbdefault\u00a0\u00bb global_colors_info=\u00a0\u00bb{}\u00a0\u00bb][et_pb_blurb title=\u00a0\u00bbGalets roul\u00e9s 16\/32&Prime; _builder_version=\u00a0\u00bb4.27.5&Prime; _module_preset=\u00a0\u00bbdefault\u00a0\u00bb title_text=\u00a0\u00bb10(1)\u00a0\u00bb hover_enabled=\u00a0\u00bb0&Prime; sticky_enabled=\u00a0\u00bb0&Prime; header_text_color=\u00a0\u00bb#501501&Prime; image=\u00a0\u00bbhttps:\/\/sabliereslongevilloises.fr\/wp-content\/uploads\/2025\/12\/101.png\u00a0\u00bb]<\/p>\n<p>Id\u00e9al pour le drainage, la d\u00e9coration de vos massifs et les pourtours de maison. Un mat\u00e9riau esth\u00e9tique, lisse et durable, parfait pour tous vos am\u00e9nagements paysagers.<\/p>\n<p>[\/et_pb_blurb][\/et_pb_column][\/et_pb_row][et_pb_row column_structure=\u00a0\u00bb1_3,1_3,1_3&Prime; _builder_version=\u00a0\u00bb4.27.5&Prime; _module_preset=\u00a0\u00bbdefault\u00a0\u00bb global_colors_info=\u00a0\u00bb{}\u00a0\u00bb][et_pb_column type=\u00a0\u00bb1_3&Prime; _builder_version=\u00a0\u00bb4.27.5&Prime; _module_preset=\u00a0\u00bbdefault\u00a0\u00bb global_colors_info=\u00a0\u00bb{}\u00a0\u00bb][et_pb_blurb title=\u00a0\u00bbGalets roul\u00e9s 8\/16&Prime; url=\u00a0\u00bbFiche technique produit\u00a0\u00bb _builder_version=\u00a0\u00bb4.27.5&Prime; _dynamic_attributes=\u00a0\u00bblink_option_url\u00a0\u00bb _module_preset=\u00a0\u00bbdefault\u00a0\u00bb hover_enabled=\u00a0\u00bb0&Prime; global_colors_info=\u00a0\u00bb{}\u00a0\u00bb link_option_url=\u00a0\u00bb@ET-DC@eyJkeW5hbWljIjp0cnVlLCJjb250ZW50IjoicG9zdF9saW5rX3VybF9wYWdlIiwic2V0dGluZ3MiOnsicG9zdF9pZCI6IjY2In19@\u00a0\u00bb background_color=\u00a0\u00bb#FFFFFF\u00a0\u00bb header_text_color=\u00a0\u00bb#501501&Prime; sticky_enabled=\u00a0\u00bb0&Prime; title_text=\u00a0\u00bb11&Prime; image=\u00a0\u00bbhttps:\/\/sabliereslongevilloises.fr\/wp-content\/uploads\/2025\/12\/11.png\u00a0\u00bb]<\/p>\n<p data-path-to-node=\"1,1,0\">Plus fins que le 16\/32, ces galets sont id\u00e9aux pour vos massifs d\u00e9coratifs, bordures et all\u00e9es pi\u00e9tonnes. Doux au toucher et esth\u00e9tiques, ils conviennent aussi parfaitement pour le drainage fin et la r\u00e9alisation de b\u00e9tons d\u00e9coratifs.<\/p>\n<p>[\/et_pb_blurb][\/et_pb_column][et_pb_column type=\u00a0\u00bb1_3&Prime; _builder_version=\u00a0\u00bb4.27.5&Prime; _module_preset=\u00a0\u00bbdefault\u00a0\u00bb global_colors_info=\u00a0\u00bb{}\u00a0\u00bb][et_pb_blurb title=\u00a0\u00bbLaitier 1\/5&Prime; image=\u00a0\u00bbhttps:\/\/sabliereslongevilloises.fr\/wp-content\/uploads\/2025\/12\/42.png\u00a0\u00bb _builder_version=\u00a0\u00bb4.27.5&Prime; _module_preset=\u00a0\u00bbdefault\u00a0\u00bb hover_enabled=\u00a0\u00bb0&Prime; sticky_enabled=\u00a0\u00bb0&Prime; title_text=\u00a0\u00bb4(2)\u00a0\u00bb header_text_color=\u00a0\u00bb#501501&Prime;]<\/p>\n<p>Mat\u00e9riau de calage id\u00e9al pour le lit de pose de vos pav\u00e9s et dalles. Tr\u00e8s stable et drainant, il permet un r\u00e9glage pr\u00e9cis et assure une excellente tenue de votre ouvrage dans le temps.<\/p>\n<p>[\/et_pb_blurb][\/et_pb_column][et_pb_column type=\u00a0\u00bb1_3&Prime; _builder_version=\u00a0\u00bb4.27.5&Prime; _module_preset=\u00a0\u00bbdefault\u00a0\u00bb global_colors_info=\u00a0\u00bb{}\u00a0\u00bb][et_pb_blurb title=\u00a0\u00bbLaitier 0\/31.5&Prime; _builder_version=\u00a0\u00bb4.27.5&Prime; _module_preset=\u00a0\u00bbdefault\u00a0\u00bb title_text=\u00a0\u00bb13(1)\u00a0\u00bb hover_enabled=\u00a0\u00bb0&Prime; sticky_enabled=\u00a0\u00bb0&Prime; header_text_color=\u00a0\u00bb#501501&Prime; image=\u00a0\u00bbhttps:\/\/sabliereslongevilloises.fr\/wp-content\/uploads\/2025\/12\/131.png\u00a0\u00bb]<\/p>\n<p>Id\u00e9al pour les fonds de forme, les assises de chauss\u00e9es, parkings et plateformes industrielles. Mat\u00e9riau offrant une excellente stabilit\u00e9 et une forte portance.<\/p>\n<p>[\/et_pb_blurb][\/et_pb_column][\/et_pb_row][\/et_pb_section]<\/p>\n","protected":false},"excerpt":{"rendered":"<p>Recommand\u00e9 pour l&rsquo;enrobage de canalisations et les travaux de r\u00e9seauxSolution \u00e9conomique pour le remblaiement g\u00e9n\u00e9ral et les fonds de forme (pr\u00e9sence de cailloux).Alternative \u00e9conomique au sable tamis\u00e9 pour l&rsquo;enrobage de r\u00e9seaux et le remblaiement. Attention : ne pas utiliser sur des canalisations en fonte.Id\u00e9al pour le drainage technique. Mat\u00e9riau concass\u00e9 brut, moins esth\u00e9tique qu&rsquo;un galet [&hellip;]<\/p>\n","protected":false},"author":1,"featured_media":0,"parent":0,"menu_order":0,"comment_status":"closed","ping_status":"closed","template":"","meta":{"_et_pb_use_builder":"on","_et_pb_old_content":"","_et_gb_content_width":"","footnotes":""},"class_list":["post-963","page","type-page","status-publish","hentry"],"yoast_head":"<!-- This site is optimized with the Yoast SEO plugin v27.5 - https:\/\/yoast.com\/product\/yoast-seo-wordpress\/ -->\n<title>Produits - Sabli\u00e8res Longevilloises<\/title>\n<meta name=\"robots\" content=\"index, follow, max-snippet:-1, max-image-preview:large, max-video-preview:-1\" \/>\n<link rel=\"canonical\" href=\"https:\/\/sabliereslongevilloises.fr\/de\/963-2\/\" \/>\n<meta property=\"og:locale\" content=\"de_DE\" \/>\n<meta property=\"og:type\" content=\"article\" \/>\n<meta property=\"og:title\" content=\"Produits - Sabli\u00e8res Longevilloises\" \/>\n<meta property=\"og:description\" content=\"Recommand\u00e9 pour l&#039;enrobage de canalisations et les travaux de r\u00e9seauxSolution \u00e9conomique pour le remblaiement g\u00e9n\u00e9ral et les fonds de forme (pr\u00e9sence de cailloux).Alternative \u00e9conomique au sable tamis\u00e9 pour l&#039;enrobage de r\u00e9seaux et le remblaiement. Attention : ne pas utiliser sur des canalisations en fonte.Id\u00e9al pour le drainage technique. Mat\u00e9riau concass\u00e9 brut, moins esth\u00e9tique qu&#039;un galet [&hellip;]\" \/>\n<meta property=\"og:url\" content=\"https:\/\/sabliereslongevilloises.fr\/de\/963-2\/\" \/>\n<meta property=\"og:site_name\" content=\"Sabli\u00e8res Longevilloises\" \/>\n<meta property=\"article:publisher\" content=\"https:\/\/www.facebook.com\/profile.php?id=100063539954474\" \/>\n<meta property=\"article:modified_time\" content=\"2025-12-31T13:03:46+00:00\" \/>\n<meta name=\"twitter:card\" content=\"summary_large_image\" \/>\n<script type=\"application\/ld+json\" class=\"yoast-schema-graph\">{\"@context\":\"https:\\\/\\\/schema.org\",\"@graph\":[{\"@type\":\"WebPage\",\"@id\":\"https:\\\/\\\/sabliereslongevilloises.fr\\\/963-2\\\/\",\"url\":\"https:\\\/\\\/sabliereslongevilloises.fr\\\/963-2\\\/\",\"name\":\"Produits - Sabli\u00e8res Longevilloises\",\"isPartOf\":{\"@id\":\"https:\\\/\\\/sabliereslongevilloises.fr\\\/#website\"},\"datePublished\":\"2025-12-31T12:34:20+00:00\",\"dateModified\":\"2025-12-31T13:03:46+00:00\",\"breadcrumb\":{\"@id\":\"https:\\\/\\\/sabliereslongevilloises.fr\\\/963-2\\\/#breadcrumb\"},\"inLanguage\":\"de\",\"potentialAction\":[{\"@type\":\"ReadAction\",\"target\":[\"https:\\\/\\\/sabliereslongevilloises.fr\\\/963-2\\\/\"]}]},{\"@type\":\"BreadcrumbList\",\"@id\":\"https:\\\/\\\/sabliereslongevilloises.fr\\\/963-2\\\/#breadcrumb\",\"itemListElement\":[{\"@type\":\"ListItem\",\"position\":1,\"name\":\"Accueil\",\"item\":\"https:\\\/\\\/sabliereslongevilloises.fr\\\/\"},{\"@type\":\"ListItem\",\"position\":2,\"name\":\"Produits\"}]},{\"@type\":\"WebSite\",\"@id\":\"https:\\\/\\\/sabliereslongevilloises.fr\\\/#website\",\"url\":\"https:\\\/\\\/sabliereslongevilloises.fr\\\/\",\"name\":\"Sabli\u00e8res Longevilloises\",\"description\":\"Exploitation de sable et centre de tri des d\u00e9chets inertes\",\"publisher\":{\"@id\":\"https:\\\/\\\/sabliereslongevilloises.fr\\\/#\\\/schema\\\/person\\\/e0b32ffec9726f7077a0fab830f337da\"},\"potentialAction\":[{\"@type\":\"SearchAction\",\"target\":{\"@type\":\"EntryPoint\",\"urlTemplate\":\"https:\\\/\\\/sabliereslongevilloises.fr\\\/?s={search_term_string}\"},\"query-input\":{\"@type\":\"PropertyValueSpecification\",\"valueRequired\":true,\"valueName\":\"search_term_string\"}}],\"inLanguage\":\"de\"},{\"@type\":[\"Person\",\"Organization\"],\"@id\":\"https:\\\/\\\/sabliereslongevilloises.fr\\\/#\\\/schema\\\/person\\\/e0b32ffec9726f7077a0fab830f337da\",\"name\":\"Sabli\u00e8re Longevilloise\",\"image\":{\"@type\":\"ImageObject\",\"inLanguage\":\"de\",\"@id\":\"https:\\\/\\\/sabliereslongevilloises.fr\\\/wp-content\\\/uploads\\\/2022\\\/08\\\/logo-sl-1.png\",\"url\":\"https:\\\/\\\/sabliereslongevilloises.fr\\\/wp-content\\\/uploads\\\/2022\\\/08\\\/logo-sl-1.png\",\"contentUrl\":\"https:\\\/\\\/sabliereslongevilloises.fr\\\/wp-content\\\/uploads\\\/2022\\\/08\\\/logo-sl-1.png\",\"width\":570,\"height\":438,\"caption\":\"Sabli\u00e8re Longevilloise\"},\"logo\":{\"@id\":\"https:\\\/\\\/sabliereslongevilloises.fr\\\/wp-content\\\/uploads\\\/2022\\\/08\\\/logo-sl-1.png\"},\"sameAs\":[\"http:\\\/\\\/sabliereslongevilloises.fr\",\"https:\\\/\\\/www.facebook.com\\\/profile.php?id=100063539954474\",\"https:\\\/\\\/www.linkedin.com\\\/company\\\/72248308\\\/admin\\\/\",\"https:\\\/\\\/www.youtube.com\\\/channel\\\/UCLgkikEqQzQkw82K9_feZuQ\"]}]}<\/script>\n<!-- \/ Yoast SEO plugin. -->","yoast_head_json":{"title":"Produits - Sabli\u00e8res Longevilloises","robots":{"index":"index","follow":"follow","max-snippet":"max-snippet:-1","max-image-preview":"max-image-preview:large","max-video-preview":"max-video-preview:-1"},"canonical":"https:\/\/sabliereslongevilloises.fr\/de\/963-2\/","og_locale":"de_DE","og_type":"article","og_title":"Produits - Sabli\u00e8res Longevilloises","og_description":"Recommand\u00e9 pour l'enrobage de canalisations et les travaux de r\u00e9seauxSolution \u00e9conomique pour le remblaiement g\u00e9n\u00e9ral et les fonds de forme (pr\u00e9sence de cailloux).Alternative \u00e9conomique au sable tamis\u00e9 pour l'enrobage de r\u00e9seaux et le remblaiement. Attention : ne pas utiliser sur des canalisations en fonte.Id\u00e9al pour le drainage technique. Mat\u00e9riau concass\u00e9 brut, moins esth\u00e9tique qu'un galet [&hellip;]","og_url":"https:\/\/sabliereslongevilloises.fr\/de\/963-2\/","og_site_name":"Sabli\u00e8res Longevilloises","article_publisher":"https:\/\/www.facebook.com\/profile.php?id=100063539954474","article_modified_time":"2025-12-31T13:03:46+00:00","twitter_card":"summary_large_image","schema":{"@context":"https:\/\/schema.org","@graph":[{"@type":"WebPage","@id":"https:\/\/sabliereslongevilloises.fr\/963-2\/","url":"https:\/\/sabliereslongevilloises.fr\/963-2\/","name":"Produits - Sabli\u00e8res Longevilloises","isPartOf":{"@id":"https:\/\/sabliereslongevilloises.fr\/#website"},"datePublished":"2025-12-31T12:34:20+00:00","dateModified":"2025-12-31T13:03:46+00:00","breadcrumb":{"@id":"https:\/\/sabliereslongevilloises.fr\/963-2\/#breadcrumb"},"inLanguage":"de","potentialAction":[{"@type":"ReadAction","target":["https:\/\/sabliereslongevilloises.fr\/963-2\/"]}]},{"@type":"BreadcrumbList","@id":"https:\/\/sabliereslongevilloises.fr\/963-2\/#breadcrumb","itemListElement":[{"@type":"ListItem","position":1,"name":"Accueil","item":"https:\/\/sabliereslongevilloises.fr\/"},{"@type":"ListItem","position":2,"name":"Produits"}]},{"@type":"WebSite","@id":"https:\/\/sabliereslongevilloises.fr\/#website","url":"https:\/\/sabliereslongevilloises.fr\/","name":"Longevilloises Sandgruben","description":"Sandabbau und Sortieranlage f\u00fcr Inertabf\u00e4lle","publisher":{"@id":"https:\/\/sabliereslongevilloises.fr\/#\/schema\/person\/e0b32ffec9726f7077a0fab830f337da"},"potentialAction":[{"@type":"SearchAction","target":{"@type":"EntryPoint","urlTemplate":"https:\/\/sabliereslongevilloises.fr\/?s={search_term_string}"},"query-input":{"@type":"PropertyValueSpecification","valueRequired":true,"valueName":"search_term_string"}}],"inLanguage":"de"},{"@type":["Person","Organization"],"@id":"https:\/\/sabliereslongevilloises.fr\/#\/schema\/person\/e0b32ffec9726f7077a0fab830f337da","name":"Longevilloises Sandgruben","image":{"@type":"ImageObject","inLanguage":"de","@id":"https:\/\/sabliereslongevilloises.fr\/wp-content\/uploads\/2022\/08\/logo-sl-1.png","url":"https:\/\/sabliereslongevilloises.fr\/wp-content\/uploads\/2022\/08\/logo-sl-1.png","contentUrl":"https:\/\/sabliereslongevilloises.fr\/wp-content\/uploads\/2022\/08\/logo-sl-1.png","width":570,"height":438,"caption":"Sabli\u00e8re Longevilloise"},"logo":{"@id":"https:\/\/sabliereslongevilloises.fr\/wp-content\/uploads\/2022\/08\/logo-sl-1.png"},"sameAs":["http:\/\/sabliereslongevilloises.fr","https:\/\/www.facebook.com\/profile.php?id=100063539954474","https:\/\/www.linkedin.com\/company\/72248308\/admin\/","https:\/\/www.youtube.com\/channel\/UCLgkikEqQzQkw82K9_feZuQ"]}]}},"_links":{"self":[{"href":"https:\/\/sabliereslongevilloises.fr\/de\/wp-json\/wp\/v2\/pages\/963","targetHints":{"allow":["GET"]}}],"collection":[{"href":"https:\/\/sabliereslongevilloises.fr\/de\/wp-json\/wp\/v2\/pages"}],"about":[{"href":"https:\/\/sabliereslongevilloises.fr\/de\/wp-json\/wp\/v2\/types\/page"}],"author":[{"embeddable":true,"href":"https:\/\/sabliereslongevilloises.fr\/de\/wp-json\/wp\/v2\/users\/1"}],"replies":[{"embeddable":true,"href":"https:\/\/sabliereslongevilloises.fr\/de\/wp-json\/wp\/v2\/comments?post=963"}],"version-history":[{"count":4,"href":"https:\/\/sabliereslongevilloises.fr\/de\/wp-json\/wp\/v2\/pages\/963\/revisions"}],"predecessor-version":[{"id":992,"href":"https:\/\/sabliereslongevilloises.fr\/de\/wp-json\/wp\/v2\/pages\/963\/revisions\/992"}],"wp:attachment":[{"href":"https:\/\/sabliereslongevilloises.fr\/de\/wp-json\/wp\/v2\/media?parent=963"}],"curies":[{"name":"wp","href":"https:\/\/api.w.org\/{rel}","templated":true}]}}